{"id":3725,"date":"2024-06-23T11:03:37","date_gmt":"2024-06-23T15:03:37","guid":{"rendered":"https:\/\/camporeal.live\/?page_id=3725"},"modified":"2025-04-14T11:35:50","modified_gmt":"2025-04-14T15:35:50","slug":"areas-practicas","status":"publish","type":"page","link":"https:\/\/camporeal.live\/en\/areas-practicas\/","title":{"rendered":"Practical areas"},"content":{"rendered":"<div data-elementor-type=\"wp-page\" data-elementor-id=\"3725\" class=\"elementor elementor-3725\" data-elementor-post-type=\"page\">\n\t\t\t\t<div class=\"elementor-element elementor-element-93263f3 e-flex e-con-boxed wpr-particle-no wpr-jarallax-no wpr-parallax-no wpr-sticky-section-no e-con e-parent\" data-id=\"93263f3\" data-element_type=\"container\" data-e-type=\"container\" data-settings=\"{&quot;background_background&quot;:&quot;classic&quot;}\">\n\t\t\t\t\t<div class=\"e-con-inner\">\n\t\t<div class=\"elementor-element elementor-element-6c32ff7 e-flex e-con-boxed wpr-particle-no wpr-jarallax-no wpr-parallax-no wpr-sticky-section-no e-con e-child\" data-id=\"6c32ff7\" data-element_type=\"container\" data-e-type=\"container\">\n\t\t\t\t\t<div class=\"e-con-inner\">\n\t\t\t\t<div class=\"elementor-element elementor-element-888fcee elementor-widget elementor-widget-heading\" data-id=\"888fcee\" data-element_type=\"widget\" data-e-type=\"widget\" data-widget_type=\"heading.default\">\n\t\t\t\t<div class=\"elementor-widget-container\">\n\t\t\t\t\t<h1 class=\"elementor-heading-title elementor-size-default\">Practical areas<\/h1>\t\t\t\t<\/div>\n\t\t\t\t<\/div>\n\t\t\t\t\t<\/div>\n\t\t\t\t<\/div>\n\t\t\t\t\t<\/div>\n\t\t\t\t<\/div>\n\t\t<div class=\"elementor-element elementor-element-c226d82 e-flex e-con-boxed wpr-particle-no wpr-jarallax-no wpr-parallax-no wpr-sticky-section-no e-con e-parent\" data-id=\"c226d82\" data-element_type=\"container\" data-e-type=\"container\">\n\t\t\t\t\t<div class=\"e-con-inner\">\n\t\t<div class=\"elementor-element elementor-element-bcb4a4b e-con-full e-flex wpr-particle-no wpr-jarallax-no wpr-parallax-no wpr-sticky-section-no e-con e-child\" data-id=\"bcb4a4b\" data-element_type=\"container\" data-e-type=\"container\">\n\t\t\t\t<div class=\"elementor-element elementor-element-da172f4 elementor-widget elementor-widget-image\" data-id=\"da172f4\" data-element_type=\"widget\" data-e-type=\"widget\" data-widget_type=\"image.default\">\n\t\t\t\t<div class=\"elementor-widget-container\">\n\t\t\t\t\t\t\t\t\t\t\t\t\t\t\t<img fetchpriority=\"high\" decoding=\"async\" width=\"742\" height=\"1004\" src=\"https:\/\/camporeal.live\/wp-content\/uploads\/2024\/06\/industria.jpg\" class=\"attachment-full size-full wp-image-4271\" alt=\"\" srcset=\"https:\/\/camporeal.live\/wp-content\/uploads\/2024\/06\/industria.jpg 742w, https:\/\/camporeal.live\/wp-content\/uploads\/2024\/06\/industria-600x812.jpg 600w, https:\/\/camporeal.live\/wp-content\/uploads\/2024\/06\/industria-222x300.jpg 222w\" sizes=\"(max-width: 742px) 100vw, 742px\" \/>\t\t\t\t\t\t\t\t\t\t\t\t\t\t\t<\/div>\n\t\t\t\t<\/div>\n\t\t\t\t<\/div>\n\t\t<div class=\"elementor-element elementor-element-d63f716 e-con-full e-flex wpr-particle-no wpr-jarallax-no wpr-parallax-no wpr-sticky-section-no e-con e-child\" data-id=\"d63f716\" data-element_type=\"container\" data-e-type=\"container\">\n\t\t\t\t<div class=\"elementor-element elementor-element-8c45110 elementor-widget elementor-widget-heading\" data-id=\"8c45110\" data-element_type=\"widget\" data-e-type=\"widget\" data-widget_type=\"heading.default\">\n\t\t\t\t<div class=\"elementor-widget-container\">\n\t\t\t\t\t<h4 class=\"elementor-heading-title elementor-size-default\">Food industry<\/h4>\t\t\t\t<\/div>\n\t\t\t\t<\/div>\n\t\t\t\t<div class=\"elementor-element elementor-element-759a705 elementor-widget elementor-widget-text-editor\" data-id=\"759a705\" data-element_type=\"widget\" data-e-type=\"widget\" data-widget_type=\"text-editor.default\">\n\t\t\t\t<div class=\"elementor-widget-container\">\n\t\t\t\t\t\t\t\t\t<p>The development of healthy products is crucial to promote individual and collective health and well-being, reduce economic and environmental costs, promote education and nutritional awareness, applying principles of administration and organization in the management of this area with an integral approach that benefits both people and the planet.<\/p>\t\t\t\t\t\t\t\t<\/div>\n\t\t\t\t<\/div>\n\t\t\t\t<\/div>\n\t\t\t\t\t<\/div>\n\t\t\t\t<\/div>\n\t\t<div class=\"elementor-element elementor-element-84dd01a e-flex e-con-boxed wpr-particle-no wpr-jarallax-no wpr-parallax-no wpr-sticky-section-no e-con e-parent\" data-id=\"84dd01a\" data-element_type=\"container\" data-e-type=\"container\">\n\t\t\t\t\t<div class=\"e-con-inner\">\n\t\t<div class=\"elementor-element elementor-element-b5bb514 e-con-full e-flex wpr-particle-no wpr-jarallax-no wpr-parallax-no wpr-sticky-section-no e-con e-child\" data-id=\"b5bb514\" data-element_type=\"container\" data-e-type=\"container\">\n\t\t\t\t<div class=\"elementor-element elementor-element-a6867c6 elementor-widget elementor-widget-heading\" data-id=\"a6867c6\" data-element_type=\"widget\" data-e-type=\"widget\" data-widget_type=\"heading.default\">\n\t\t\t\t<div class=\"elementor-widget-container\">\n\t\t\t\t\t<h4 class=\"elementor-heading-title elementor-size-default\">Maintenance area<\/h4>\t\t\t\t<\/div>\n\t\t\t\t<\/div>\n\t\t\t\t<div class=\"elementor-element elementor-element-980a1d1 elementor-widget elementor-widget-text-editor\" data-id=\"980a1d1\" data-element_type=\"widget\" data-e-type=\"widget\" data-widget_type=\"text-editor.default\">\n\t\t\t\t<div class=\"elementor-widget-container\">\n\t\t\t\t\t\t\t\t\t<p class=\"p1\">The maintenance area plays a fundamental role not only in the care and preservation of our facilities, but also in the integral formation of young people. This program is designed to provide participants with practical skills and technical knowledge that will enable them to develop in this field.<\/p>\t\t\t\t\t\t\t\t<\/div>\n\t\t\t\t<\/div>\n\t\t\t\t<\/div>\n\t\t<div class=\"elementor-element elementor-element-32aeae1 e-con-full e-flex wpr-particle-no wpr-jarallax-no wpr-parallax-no wpr-sticky-section-no e-con e-child\" data-id=\"32aeae1\" data-element_type=\"container\" data-e-type=\"container\">\n\t\t\t\t<div class=\"elementor-element elementor-element-2026ef2 elementor-widget elementor-widget-image\" data-id=\"2026ef2\" data-element_type=\"widget\" data-e-type=\"widget\" data-widget_type=\"image.default\">\n\t\t\t\t<div class=\"elementor-widget-container\">\n\t\t\t\t\t\t\t\t\t\t\t\t\t\t\t<img decoding=\"async\" width=\"742\" height=\"1004\" src=\"https:\/\/camporeal.live\/wp-content\/uploads\/2024\/06\/mantenimiento.jpg\" class=\"attachment-full size-full wp-image-4287\" alt=\"\" srcset=\"https:\/\/camporeal.live\/wp-content\/uploads\/2024\/06\/mantenimiento.jpg 742w, https:\/\/camporeal.live\/wp-content\/uploads\/2024\/06\/mantenimiento-600x812.jpg 600w, https:\/\/camporeal.live\/wp-content\/uploads\/2024\/06\/mantenimiento-222x300.jpg 222w\" sizes=\"(max-width: 742px) 100vw, 742px\" \/>\t\t\t\t\t\t\t\t\t\t\t\t\t\t\t<\/div>\n\t\t\t\t<\/div>\n\t\t\t\t<\/div>\n\t\t\t\t\t<\/div>\n\t\t\t\t<\/div>\n\t\t<div class=\"elementor-element elementor-element-99d995a e-flex e-con-boxed wpr-particle-no wpr-jarallax-no wpr-parallax-no wpr-sticky-section-no e-con e-parent\" data-id=\"99d995a\" data-element_type=\"container\" data-e-type=\"container\">\n\t\t\t\t\t<div class=\"e-con-inner\">\n\t\t<div class=\"elementor-element elementor-element-2b34cb0 e-con-full e-flex wpr-particle-no wpr-jarallax-no wpr-parallax-no wpr-sticky-section-no e-con e-child\" data-id=\"2b34cb0\" data-element_type=\"container\" data-e-type=\"container\">\n\t\t\t\t<div class=\"elementor-element elementor-element-a9205a3 elementor-widget elementor-widget-image\" data-id=\"a9205a3\" data-element_type=\"widget\" data-e-type=\"widget\" data-widget_type=\"image.default\">\n\t\t\t\t<div class=\"elementor-widget-container\">\n\t\t\t\t\t\t\t\t\t\t\t\t\t\t\t<img decoding=\"async\" width=\"742\" height=\"1004\" src=\"https:\/\/camporeal.live\/wp-content\/uploads\/2024\/06\/areas-verdes.jpg\" class=\"attachment-full size-full wp-image-4303\" alt=\"\" srcset=\"https:\/\/camporeal.live\/wp-content\/uploads\/2024\/06\/areas-verdes.jpg 742w, https:\/\/camporeal.live\/wp-content\/uploads\/2024\/06\/areas-verdes-600x812.jpg 600w, https:\/\/camporeal.live\/wp-content\/uploads\/2024\/06\/areas-verdes-222x300.jpg 222w\" sizes=\"(max-width: 742px) 100vw, 742px\" \/>\t\t\t\t\t\t\t\t\t\t\t\t\t\t\t<\/div>\n\t\t\t\t<\/div>\n\t\t\t\t<\/div>\n\t\t<div class=\"elementor-element elementor-element-7f3efff e-con-full e-flex wpr-particle-no wpr-jarallax-no wpr-parallax-no wpr-sticky-section-no e-con e-child\" data-id=\"7f3efff\" data-element_type=\"container\" data-e-type=\"container\">\n\t\t\t\t<div class=\"elementor-element elementor-element-e808947 elementor-widget elementor-widget-heading\" data-id=\"e808947\" data-element_type=\"widget\" data-e-type=\"widget\" data-widget_type=\"heading.default\">\n\t\t\t\t<div class=\"elementor-widget-container\">\n\t\t\t\t\t<h4 class=\"elementor-heading-title elementor-size-default\">Green areas<\/h4>\t\t\t\t<\/div>\n\t\t\t\t<\/div>\n\t\t\t\t<div class=\"elementor-element elementor-element-8ec0ce3 elementor-widget elementor-widget-text-editor\" data-id=\"8ec0ce3\" data-element_type=\"widget\" data-e-type=\"widget\" data-widget_type=\"text-editor.default\">\n\t\t\t\t<div class=\"elementor-widget-container\">\n\t\t\t\t\t\t\t\t\t<p class=\"p1\">The area of green spaces is essential not only for the beautification and conservation of our outdoor spaces, but also as a means to train youth and families in environmental stewardship and practical gardening and landscaping skills. This program is designed to provide participants with knowledge that will enable them to develop in the management and maintenance of our green areas.<\/p>\t\t\t\t\t\t\t\t<\/div>\n\t\t\t\t<\/div>\n\t\t\t\t<\/div>\n\t\t\t\t\t<\/div>\n\t\t\t\t<\/div>\n\t\t\t\t<section class=\"elementor-section elementor-top-section elementor-element elementor-element-833bb8f elementor-section-content-middle elementor-section-boxed elementor-section-height-default elementor-section-height-default wpr-particle-no wpr-jarallax-no wpr-parallax-no wpr-sticky-section-no\" data-id=\"833bb8f\" data-element_type=\"section\" data-e-type=\"section\" data-settings=\"{&quot;background_background&quot;:&quot;classic&quot;}\">\n\t\t\t\t\t\t\t<div class=\"elementor-background-overlay\"><\/div>\n\t\t\t\t\t\t\t<div class=\"elementor-container elementor-column-gap-default\">\n\t\t\t\t\t<div class=\"elementor-column elementor-col-100 elementor-top-column elementor-element elementor-element-4abaef1\" data-id=\"4abaef1\" data-element_type=\"column\" data-e-type=\"column\">\n\t\t\t<div class=\"elementor-widget-wrap elementor-element-populated\">\n\t\t\t\t\t<div class=\"elementor-background-overlay\"><\/div>\n\t\t\t\t\t\t<section class=\"elementor-section elementor-inner-section elementor-element elementor-element-df3b4c2 elementor-section-boxed elementor-section-height-default elementor-section-height-default wpr-particle-no wpr-jarallax-no wpr-parallax-no wpr-sticky-section-no\" data-id=\"df3b4c2\" data-element_type=\"section\" data-e-type=\"section\">\n\t\t\t\t\t\t<div class=\"elementor-container elementor-column-gap-wide\">\n\t\t\t\t\t<div class=\"elementor-column elementor-col-33 elementor-inner-column elementor-element elementor-element-ac181a7\" data-id=\"ac181a7\" data-element_type=\"column\" data-e-type=\"column\" data-settings=\"{&quot;background_background&quot;:&quot;classic&quot;}\">\n\t\t\t<div class=\"elementor-widget-wrap elementor-element-populated\">\n\t\t\t\t\t<div class=\"elementor-background-overlay\"><\/div>\n\t\t\t\t\t\t<div class=\"elementor-element elementor-element-efa3993 elementor-widget elementor-widget-image\" data-id=\"efa3993\" data-element_type=\"widget\" data-e-type=\"widget\" data-widget_type=\"image.default\">\n\t\t\t\t<div class=\"elementor-widget-container\">\n\t\t\t\t\t\t\t\t\t\t\t\t\t\t\t<img loading=\"lazy\" decoding=\"async\" width=\"1024\" height=\"1024\" src=\"https:\/\/camporeal.live\/wp-content\/uploads\/2024\/03\/nosotros-1.svg\" class=\"attachment-large size-large wp-image-3183\" alt=\"\" \/>\t\t\t\t\t\t\t\t\t\t\t\t\t\t\t<\/div>\n\t\t\t\t<\/div>\n\t\t\t\t<div class=\"elementor-element elementor-element-b58cffe elementor-widget elementor-widget-heading\" data-id=\"b58cffe\" data-element_type=\"widget\" data-e-type=\"widget\" data-widget_type=\"heading.default\">\n\t\t\t\t<div class=\"elementor-widget-container\">\n\t\t\t\t\t<h3 class=\"elementor-heading-title elementor-size-default\">About Us<\/h3>\t\t\t\t<\/div>\n\t\t\t\t<\/div>\n\t\t\t\t<div class=\"elementor-element elementor-element-68c7846 elementor-widget elementor-widget-text-editor\" data-id=\"68c7846\" data-element_type=\"widget\" data-e-type=\"widget\" data-widget_type=\"text-editor.default\">\n\t\t\t\t<div class=\"elementor-widget-container\">\n\t\t\t\t\t\t\t\t\t<p>We cooperate with the improvement of the quality of life of man and his environment.<\/p>\n<p><\/p>\t\t\t\t\t\t\t\t<\/div>\n\t\t\t\t<\/div>\n\t\t\t\t\t<\/div>\n\t\t<\/div>\n\t\t\t\t<div class=\"elementor-column elementor-col-33 elementor-inner-column elementor-element elementor-element-a5917af\" data-id=\"a5917af\" data-element_type=\"column\" data-e-type=\"column\" data-settings=\"{&quot;background_background&quot;:&quot;classic&quot;}\">\n\t\t\t<div class=\"elementor-widget-wrap elementor-element-populated\">\n\t\t\t\t\t<div class=\"elementor-background-overlay\"><\/div>\n\t\t\t\t\t\t<div class=\"elementor-element elementor-element-862d929 elementor-widget elementor-widget-image\" data-id=\"862d929\" data-element_type=\"widget\" data-e-type=\"widget\" data-widget_type=\"image.default\">\n\t\t\t\t<div class=\"elementor-widget-container\">\n\t\t\t\t\t\t\t\t\t\t\t\t\t\t\t<img loading=\"lazy\" decoding=\"async\" width=\"1024\" height=\"1024\" src=\"https:\/\/camporeal.live\/wp-content\/uploads\/2024\/03\/ubicacion-1.svg\" class=\"attachment-large size-large wp-image-3184\" alt=\"\" \/>\t\t\t\t\t\t\t\t\t\t\t\t\t\t\t<\/div>\n\t\t\t\t<\/div>\n\t\t\t\t<div class=\"elementor-element elementor-element-73a088a elementor-widget elementor-widget-heading\" data-id=\"73a088a\" data-element_type=\"widget\" data-e-type=\"widget\" data-widget_type=\"heading.default\">\n\t\t\t\t<div class=\"elementor-widget-container\">\n\t\t\t\t\t<h3 class=\"elementor-heading-title elementor-size-default\">Location<\/h3>\t\t\t\t<\/div>\n\t\t\t\t<\/div>\n\t\t\t\t<div class=\"elementor-element elementor-element-470ab16 elementor-widget elementor-widget-text-editor\" data-id=\"470ab16\" data-element_type=\"widget\" data-e-type=\"widget\" data-widget_type=\"text-editor.default\">\n\t\t\t\t<div class=\"elementor-widget-container\">\n\t\t\t\t\t\t\t\t\t<p>We are located in Sonadorsito, Monse\u00f1or Nouel Province, Dominican Republic.<\/p>\t\t\t\t\t\t\t\t<\/div>\n\t\t\t\t<\/div>\n\t\t\t\t\t<\/div>\n\t\t<\/div>\n\t\t\t\t<div class=\"elementor-column elementor-col-33 elementor-inner-column elementor-element elementor-element-8607356\" data-id=\"8607356\" data-element_type=\"column\" data-e-type=\"column\" data-settings=\"{&quot;background_background&quot;:&quot;classic&quot;}\">\n\t\t\t<div class=\"elementor-widget-wrap elementor-element-populated\">\n\t\t\t\t\t<div class=\"elementor-background-overlay\"><\/div>\n\t\t\t\t\t\t<div class=\"elementor-element elementor-element-969aeca elementor-widget elementor-widget-image\" data-id=\"969aeca\" data-element_type=\"widget\" data-e-type=\"widget\" data-widget_type=\"image.default\">\n\t\t\t\t<div class=\"elementor-widget-container\">\n\t\t\t\t\t\t\t\t\t\t\t\t\t\t\t<img loading=\"lazy\" decoding=\"async\" width=\"1024\" height=\"1024\" src=\"https:\/\/camporeal.live\/wp-content\/uploads\/2024\/03\/contacto-1.svg\" class=\"attachment-large size-large wp-image-3182\" alt=\"\" \/>\t\t\t\t\t\t\t\t\t\t\t\t\t\t\t<\/div>\n\t\t\t\t<\/div>\n\t\t\t\t<div class=\"elementor-element elementor-element-5be3fa9 elementor-widget elementor-widget-heading\" data-id=\"5be3fa9\" data-element_type=\"widget\" data-e-type=\"widget\" data-widget_type=\"heading.default\">\n\t\t\t\t<div class=\"elementor-widget-container\">\n\t\t\t\t\t<h3 class=\"elementor-heading-title elementor-size-default\">Contacts<\/h3>\t\t\t\t<\/div>\n\t\t\t\t<\/div>\n\t\t\t\t<div class=\"elementor-element elementor-element-c066c81 elementor-widget elementor-widget-text-editor\" data-id=\"c066c81\" data-element_type=\"widget\" data-e-type=\"widget\" data-widget_type=\"text-editor.default\">\n\t\t\t\t<div class=\"elementor-widget-container\">\n\t\t\t\t\t\t\t\t\t<p>Email: info@fundacioncamporeal.org<br \/>Phone: +1 829 986 7036 <br \/>+1 809 296 8278<\/p>\t\t\t\t\t\t\t\t<\/div>\n\t\t\t\t<\/div>\n\t\t\t\t\t<\/div>\n\t\t<\/div>\n\t\t\t\t\t<\/div>\n\t\t<\/section>\n\t\t\t\t\t<\/div>\n\t\t<\/div>\n\t\t\t\t\t<\/div>\n\t\t<\/section>\n\t\t\t\t<\/div>","protected":false},"excerpt":{"rendered":"<p>\u00c1reas pr\u00e1cticas Industria de alimentos La elaboraci\u00f3n de productos saludables es crucial para promover la salud y el bienestar individual y colectivo, reducir costos econ\u00f3micos y ambientales, fomentar la educaci\u00f3n y la conciencia nutricional, aplicando principios de administraci\u00f3n y organizaci\u00f3n en el manejo de esta \u00e1rea con un enfoque integral que beneficia tanto a las personas como al planeta. \u00c1rea de mantenimiento El \u00e1rea de mantenimiento juega un papel fundamental no solo en el cuidado y preservaci\u00f3n de nuestras instalaciones, sino tambi\u00e9n en la formaci\u00f3n integral de j\u00f3venes. Este programa est\u00e1 dise\u00f1ado para brindar a los participantes habilidades pr\u00e1cticas y conocimientos t\u00e9cnicos que les permitan desarrollarse en este campo. \u00c1reas verdes El \u00e1rea de zonas verdes es esencial no solo para el embellecimiento y la conservaci\u00f3n de nuestros espacios exteriores, sino tambi\u00e9n como un medio para formar a j\u00f3venes y familias en el cuidado del medio ambiente y en habilidades pr\u00e1cticas de jardiner\u00eda y paisajismo. Este programa est\u00e1 dise\u00f1ado para proporcionar a los participantes conocimientos que les permitan desarrollarse en el manejo y mantenimiento de nuestras \u00e1reas verdes. Nosotros Cooperamos con la elevaci\u00f3n de la calidad de vida del hombre y su medio ambiente. Ubicaci\u00f3n Estamos ubicados en Sonadorsito Provincia Monse\u00f1or Nouel, Rep\u00fablica Dominicana. Contactos Email: info@fundacioncamporeal.orgPhone: +1 829 986 7036 +1 809 296 8278<\/p>","protected":false},"author":1,"featured_media":0,"parent":0,"menu_order":0,"comment_status":"closed","ping_status":"closed","template":"","meta":{"_acf_changed":false,"inline_featured_image":false,"_uag_custom_page_level_css":"","postBodyCss":"","postBodyMargin":[],"postBodyPadding":[],"postBodyBackground":{"backgroundType":"classic","gradient":""},"site-sidebar-layout":"no-sidebar","site-content-layout":"page-builder","ast-site-content-layout":"full-width-container","site-content-style":"unboxed","site-sidebar-style":"unboxed","ast-global-header-display":"","ast-banner-title-visibility":"","ast-main-header-display":"","ast-hfb-above-header-display":"","ast-hfb-below-header-display":"","ast-hfb-mobile-header-display":"","site-post-title":"disabled","ast-breadcrumbs-content":"","ast-featured-img":"disabled","footer-sml-layout":"","theme-transparent-header-meta":"enabled","adv-header-id-meta":"","stick-header-meta":"","header-above-stick-meta":"","header-main-stick-meta":"","header-below-stick-meta":"","astra-migrate-meta-layouts":"set","ast-page-background-enabled":"default","ast-page-background-meta":{"desktop":{"background-color":"var(--ast-global-color-4)","background-image":"","background-repeat":"repeat","background-position":"center center","background-size":"auto","background-attachment":"scroll","background-type":"","background-media":"","overlay-type":"","overlay-color":"","overlay-opacity":"","overlay-gradient":""},"tablet":{"background-color":"","background-image":"","background-repeat":"repeat","background-position":"center center","background-size":"auto","background-attachment":"scroll","background-type":"","background-media":"","overlay-type":"","overlay-color":"","overlay-opacity":"","overlay-gradient":""},"mobile":{"background-color":"","background-image":"","background-repeat":"repeat","background-position":"center center","background-size":"auto","background-attachment":"scroll","background-type":"","background-media":"","overlay-type":"","overlay-color":"","overlay-opacity":"","overlay-gradient":""}},"ast-content-background-meta":{"desktop":{"background-color":"var(--ast-global-color-5)","background-image":"","background-repeat":"repeat","background-position":"center center","background-size":"auto","background-attachment":"scroll","background-type":"","background-media":"","overlay-type":"","overlay-color":"","overlay-opacity":"","overlay-gradient":""},"tablet":{"background-color":"var(--ast-global-color-5)","background-image":"","background-repeat":"repeat","background-position":"center center","background-size":"auto","background-attachment":"scroll","background-type":"","background-media":"","overlay-type":"","overlay-color":"","overlay-opacity":"","overlay-gradient":""},"mobile":{"background-color":"var(--ast-global-color-5)","background-image":"","background-repeat":"repeat","background-position":"center center","background-size":"auto","background-attachment":"scroll","background-type":"","background-media":"","overlay-type":"","overlay-color":"","overlay-opacity":"","overlay-gradient":""}},"_joinchat":[],"footnotes":""},"class_list":["post-3725","page","type-page","status-publish","hentry"],"acf":[],"uagb_featured_image_src":{"full":false,"thumbnail":false,"medium":false,"medium_large":false,"large":false,"1536x1536":false,"2048x2048":false,"trp-custom-language-flag":false},"uagb_author_info":{"display_name":"camporeal2024","author_link":"https:\/\/camporeal.live\/en\/author\/camporeal2024\/"},"uagb_comment_info":0,"uagb_excerpt":"\u00c1reas pr\u00e1cticas Industria de alimentos La elaboraci\u00f3n de productos saludables es crucial para promover la salud y el bienestar individual y colectivo, reducir costos econ\u00f3micos y ambientales, fomentar la educaci\u00f3n y la conciencia nutricional, aplicando principios de administraci\u00f3n y organizaci\u00f3n en el manejo de esta \u00e1rea con un enfoque integral que beneficia tanto a las&hellip;","_links":{"self":[{"href":"https:\/\/camporeal.live\/en\/wp-json\/wp\/v2\/pages\/3725","targetHints":{"allow":["GET"]}}],"collection":[{"href":"https:\/\/camporeal.live\/en\/wp-json\/wp\/v2\/pages"}],"about":[{"href":"https:\/\/camporeal.live\/en\/wp-json\/wp\/v2\/types\/page"}],"author":[{"embeddable":true,"href":"https:\/\/camporeal.live\/en\/wp-json\/wp\/v2\/users\/1"}],"replies":[{"embeddable":true,"href":"https:\/\/camporeal.live\/en\/wp-json\/wp\/v2\/comments?post=3725"}],"version-history":[{"count":62,"href":"https:\/\/camporeal.live\/en\/wp-json\/wp\/v2\/pages\/3725\/revisions"}],"predecessor-version":[{"id":11690,"href":"https:\/\/camporeal.live\/en\/wp-json\/wp\/v2\/pages\/3725\/revisions\/11690"}],"wp:attachment":[{"href":"https:\/\/camporeal.live\/en\/wp-json\/wp\/v2\/media?parent=3725"}],"curies":[{"name":"wp","href":"https:\/\/api.w.org\/{rel}","templated":true}]}}